{"id":721,"date":"2025-07-11T16:17:13","date_gmt":"2025-07-11T14:17:13","guid":{"rendered":"https:\/\/tunastore.se\/?product=carhartt-logo-belt-svart"},"modified":"2025-10-05T21:04:47","modified_gmt":"2025-10-05T19:04:47","slug":"carhartt-logo-belt-svart","status":"publish","type":"product","link":"https:\/\/tunastore.se\/?product=carhartt-logo-belt-svart","title":{"rendered":"CARHARTT LOGO BELT SVART"},"content":{"rendered":"<p>\u2022 Brunt l\u00e4derb\u00e4lte &#8211; med Carhartt\u00ae logotyp pr\u00e4glad p\u00e5 baksidan av b\u00e4ltet.<br \/>\n\u2022 44mm brett<\/p>\n<p>Storleksguide:<br \/>\nW34 passar dig med midjestorlek 31 och 32.<br \/>\nW36 passar dig med midjestorlek 33 och 34.<br \/>\nW38 passar dig med midjestorlek 36.<br \/>\nW40 passar dig med midjestorlek 38.<br \/>\nW42 passar dig med midjestorlek 40.<br \/>\nW44 passar dig med midjestorlek 42.<\/p>\n","protected":false},"excerpt":{"rendered":"<p>\u2022 Brunt l\u00e4derb\u00e4lte &#8211; med Carhartt\u00ae logotyp pr\u00e4glad p\u00e5 baksidan av b\u00e4ltet. \u2022 44mm brett Storleksguide: W34 passar dig med midjestorlek 31 och 32. W36 passar dig med midjestorlek 33 och 34. W38 passar dig med midjestorlek 36. W40 passar dig med midjestorlek 38. W42 passar dig med midjestorlek 40. W44 passar dig med midjestorlek [&hellip;]<\/p>\n","protected":false},"featured_media":720,"template":"","meta":[],"product_brand":[],"product_cat":[21],"product_tag":[],"class_list":{"0":"post-721","1":"product","2":"type-product","3":"status-publish","4":"has-post-thumbnail","6":"product_cat-tillbehor","8":"first","9":"instock","10":"sale","11":"shipping-taxable","12":"purchasable","13":"product-type-variable"},"yoast_head":"<!-- This site is optimized with the Yoast SEO plugin v26.5 - https:\/\/yoast.com\/wordpress\/plugins\/seo\/ -->\n<title>CARHARTT LOGO BELT SVART - Tunastore<\/title>\n<meta name=\"robots\" content=\"index, follow, max-snippet:-1, max-image-preview:large, max-video-preview:-1\" \/>\n<link rel=\"canonical\" href=\"https:\/\/tunastore.se\/?product=carhartt-logo-belt-svart\" \/>\n<meta property=\"og:locale\" content=\"sv_SE\" \/>\n<meta property=\"og:type\" content=\"article\" \/>\n<meta property=\"og:title\" content=\"CARHARTT LOGO BELT SVART - Tunastore\" \/>\n<meta property=\"og:description\" content=\"\u2022 Brunt l\u00e4derb\u00e4lte &#8211; med Carhartt\u00ae logotyp pr\u00e4glad p\u00e5 baksidan av b\u00e4ltet. \u2022 44mm brett Storleksguide: W34 passar dig med midjestorlek 31 och 32. W36 passar dig med midjestorlek 33 och 34. W38 passar dig med midjestorlek 36. W40 passar dig med midjestorlek 38. W42 passar dig med midjestorlek 40. W44 passar dig med midjestorlek [&hellip;]\" \/>\n<meta property=\"og:url\" content=\"https:\/\/tunastore.se\/?product=carhartt-logo-belt-svart\" \/>\n<meta property=\"og:site_name\" content=\"Tunastore\" \/>\n<meta property=\"article:modified_time\" content=\"2025-10-05T19:04:47+00:00\" \/>\n<meta property=\"og:image\" content=\"https:\/\/tunastore.se\/wp-content\/uploads\/2025\/07\/24886341-origpic-307b14.jpg\" \/>\n\t<meta property=\"og:image:width\" content=\"300\" \/>\n\t<meta property=\"og:image:height\" content=\"300\" \/>\n\t<meta property=\"og:image:type\" content=\"image\/jpeg\" \/>\n<meta name=\"twitter:card\" content=\"summary_large_image\" \/>\n<meta name=\"twitter:label1\" content=\"Ber\u00e4knad l\u00e4stid\" \/>\n\t<meta name=\"twitter:data1\" content=\"1 minut\" \/>\n<script type=\"application\/ld+json\" class=\"yoast-schema-graph\">{\"@context\":\"https:\/\/schema.org\",\"@graph\":[{\"@type\":\"WebPage\",\"@id\":\"https:\/\/tunastore.se\/?product=carhartt-logo-belt-svart\",\"url\":\"https:\/\/tunastore.se\/?product=carhartt-logo-belt-svart\",\"name\":\"CARHARTT LOGO BELT SVART - Tunastore\",\"isPartOf\":{\"@id\":\"https:\/\/utv.tunastore.se\/#website\"},\"primaryImageOfPage\":{\"@id\":\"https:\/\/tunastore.se\/?product=carhartt-logo-belt-svart#primaryimage\"},\"image\":{\"@id\":\"https:\/\/tunastore.se\/?product=carhartt-logo-belt-svart#primaryimage\"},\"thumbnailUrl\":\"https:\/\/tunastore.se\/wp-content\/uploads\/2025\/07\/24886341-origpic-307b14.jpg\",\"datePublished\":\"2025-07-11T14:17:13+00:00\",\"dateModified\":\"2025-10-05T19:04:47+00:00\",\"breadcrumb\":{\"@id\":\"https:\/\/tunastore.se\/?product=carhartt-logo-belt-svart#breadcrumb\"},\"inLanguage\":\"sv-SE\",\"potentialAction\":[{\"@type\":\"ReadAction\",\"target\":[\"https:\/\/tunastore.se\/?product=carhartt-logo-belt-svart\"]}]},{\"@type\":\"ImageObject\",\"inLanguage\":\"sv-SE\",\"@id\":\"https:\/\/tunastore.se\/?product=carhartt-logo-belt-svart#primaryimage\",\"url\":\"https:\/\/tunastore.se\/wp-content\/uploads\/2025\/07\/24886341-origpic-307b14.jpg\",\"contentUrl\":\"https:\/\/tunastore.se\/wp-content\/uploads\/2025\/07\/24886341-origpic-307b14.jpg\",\"width\":300,\"height\":300},{\"@type\":\"BreadcrumbList\",\"@id\":\"https:\/\/tunastore.se\/?product=carhartt-logo-belt-svart#breadcrumb\",\"itemListElement\":[{\"@type\":\"ListItem\",\"position\":1,\"name\":\"Hem\",\"item\":\"https:\/\/utv.tunastore.se\/\"},{\"@type\":\"ListItem\",\"position\":2,\"name\":\"Shop\",\"item\":\"https:\/\/utv.tunastore.se\/?page_id=5\"},{\"@type\":\"ListItem\",\"position\":3,\"name\":\"CARHARTT LOGO BELT SVART\"}]},{\"@type\":\"WebSite\",\"@id\":\"https:\/\/utv.tunastore.se\/#website\",\"url\":\"https:\/\/utv.tunastore.se\/\",\"name\":\"Tunastore\",\"description\":\"\",\"publisher\":{\"@id\":\"https:\/\/utv.tunastore.se\/#organization\"},\"potentialAction\":[{\"@type\":\"SearchAction\",\"target\":{\"@type\":\"EntryPoint\",\"urlTemplate\":\"https:\/\/utv.tunastore.se\/?s={search_term_string}\"},\"query-input\":{\"@type\":\"PropertyValueSpecification\",\"valueRequired\":true,\"valueName\":\"search_term_string\"}}],\"inLanguage\":\"sv-SE\"},{\"@type\":\"Organization\",\"@id\":\"https:\/\/utv.tunastore.se\/#organization\",\"name\":\"Tunastore\",\"url\":\"https:\/\/utv.tunastore.se\/\",\"logo\":{\"@type\":\"ImageObject\",\"inLanguage\":\"sv-SE\",\"@id\":\"https:\/\/utv.tunastore.se\/#\/schema\/logo\/image\/\",\"url\":\"https:\/\/tunastore.se\/wp-content\/uploads\/2025\/07\/cropped-tuna_vit.png\",\"contentUrl\":\"https:\/\/tunastore.se\/wp-content\/uploads\/2025\/07\/cropped-tuna_vit.png\",\"width\":426,\"height\":77,\"caption\":\"Tunastore\"},\"image\":{\"@id\":\"https:\/\/utv.tunastore.se\/#\/schema\/logo\/image\/\"}}]}<\/script>\n<!-- \/ Yoast SEO plugin. -->","yoast_head_json":{"title":"CARHARTT LOGO BELT SVART - Tunastore","robots":{"index":"index","follow":"follow","max-snippet":"max-snippet:-1","max-image-preview":"max-image-preview:large","max-video-preview":"max-video-preview:-1"},"canonical":"https:\/\/tunastore.se\/?product=carhartt-logo-belt-svart","og_locale":"sv_SE","og_type":"article","og_title":"CARHARTT LOGO BELT SVART - Tunastore","og_description":"\u2022 Brunt l\u00e4derb\u00e4lte &#8211; med Carhartt\u00ae logotyp pr\u00e4glad p\u00e5 baksidan av b\u00e4ltet. \u2022 44mm brett Storleksguide: W34 passar dig med midjestorlek 31 och 32. W36 passar dig med midjestorlek 33 och 34. W38 passar dig med midjestorlek 36. W40 passar dig med midjestorlek 38. W42 passar dig med midjestorlek 40. W44 passar dig med midjestorlek [&hellip;]","og_url":"https:\/\/tunastore.se\/?product=carhartt-logo-belt-svart","og_site_name":"Tunastore","article_modified_time":"2025-10-05T19:04:47+00:00","og_image":[{"width":300,"height":300,"url":"https:\/\/tunastore.se\/wp-content\/uploads\/2025\/07\/24886341-origpic-307b14.jpg","type":"image\/jpeg"}],"twitter_card":"summary_large_image","twitter_misc":{"Ber\u00e4knad l\u00e4stid":"1 minut"},"schema":{"@context":"https:\/\/schema.org","@graph":[{"@type":"WebPage","@id":"https:\/\/tunastore.se\/?product=carhartt-logo-belt-svart","url":"https:\/\/tunastore.se\/?product=carhartt-logo-belt-svart","name":"CARHARTT LOGO BELT SVART - Tunastore","isPartOf":{"@id":"https:\/\/utv.tunastore.se\/#website"},"primaryImageOfPage":{"@id":"https:\/\/tunastore.se\/?product=carhartt-logo-belt-svart#primaryimage"},"image":{"@id":"https:\/\/tunastore.se\/?product=carhartt-logo-belt-svart#primaryimage"},"thumbnailUrl":"https:\/\/tunastore.se\/wp-content\/uploads\/2025\/07\/24886341-origpic-307b14.jpg","datePublished":"2025-07-11T14:17:13+00:00","dateModified":"2025-10-05T19:04:47+00:00","breadcrumb":{"@id":"https:\/\/tunastore.se\/?product=carhartt-logo-belt-svart#breadcrumb"},"inLanguage":"sv-SE","potentialAction":[{"@type":"ReadAction","target":["https:\/\/tunastore.se\/?product=carhartt-logo-belt-svart"]}]},{"@type":"ImageObject","inLanguage":"sv-SE","@id":"https:\/\/tunastore.se\/?product=carhartt-logo-belt-svart#primaryimage","url":"https:\/\/tunastore.se\/wp-content\/uploads\/2025\/07\/24886341-origpic-307b14.jpg","contentUrl":"https:\/\/tunastore.se\/wp-content\/uploads\/2025\/07\/24886341-origpic-307b14.jpg","width":300,"height":300},{"@type":"BreadcrumbList","@id":"https:\/\/tunastore.se\/?product=carhartt-logo-belt-svart#breadcrumb","itemListElement":[{"@type":"ListItem","position":1,"name":"Hem","item":"https:\/\/utv.tunastore.se\/"},{"@type":"ListItem","position":2,"name":"Shop","item":"https:\/\/utv.tunastore.se\/?page_id=5"},{"@type":"ListItem","position":3,"name":"CARHARTT LOGO BELT SVART"}]},{"@type":"WebSite","@id":"https:\/\/utv.tunastore.se\/#website","url":"https:\/\/utv.tunastore.se\/","name":"Tunastore","description":"","publisher":{"@id":"https:\/\/utv.tunastore.se\/#organization"},"potentialAction":[{"@type":"SearchAction","target":{"@type":"EntryPoint","urlTemplate":"https:\/\/utv.tunastore.se\/?s={search_term_string}"},"query-input":{"@type":"PropertyValueSpecification","valueRequired":true,"valueName":"search_term_string"}}],"inLanguage":"sv-SE"},{"@type":"Organization","@id":"https:\/\/utv.tunastore.se\/#organization","name":"Tunastore","url":"https:\/\/utv.tunastore.se\/","logo":{"@type":"ImageObject","inLanguage":"sv-SE","@id":"https:\/\/utv.tunastore.se\/#\/schema\/logo\/image\/","url":"https:\/\/tunastore.se\/wp-content\/uploads\/2025\/07\/cropped-tuna_vit.png","contentUrl":"https:\/\/tunastore.se\/wp-content\/uploads\/2025\/07\/cropped-tuna_vit.png","width":426,"height":77,"caption":"Tunastore"},"image":{"@id":"https:\/\/utv.tunastore.se\/#\/schema\/logo\/image\/"}}]}},"_links":{"self":[{"href":"https:\/\/tunastore.se\/index.php?rest_route=\/wp\/v2\/product\/721","targetHints":{"allow":["GET"]}}],"collection":[{"href":"https:\/\/tunastore.se\/index.php?rest_route=\/wp\/v2\/product"}],"about":[{"href":"https:\/\/tunastore.se\/index.php?rest_route=\/wp\/v2\/types\/product"}],"wp:featuredmedia":[{"embeddable":true,"href":"https:\/\/tunastore.se\/index.php?rest_route=\/wp\/v2\/media\/720"}],"wp:attachment":[{"href":"https:\/\/tunastore.se\/index.php?rest_route=%2Fwp%2Fv2%2Fmedia&parent=721"}],"wp:term":[{"taxonomy":"product_brand","embeddable":true,"href":"https:\/\/tunastore.se\/index.php?rest_route=%2Fwp%2Fv2%2Fproduct_brand&post=721"},{"taxonomy":"product_cat","embeddable":true,"href":"https:\/\/tunastore.se\/index.php?rest_route=%2Fwp%2Fv2%2Fproduct_cat&post=721"},{"taxonomy":"product_tag","embeddable":true,"href":"https:\/\/tunastore.se\/index.php?rest_route=%2Fwp%2Fv2%2Fproduct_tag&post=721"}],"curies":[{"name":"wp","href":"https:\/\/api.w.org\/{rel}","templated":true}]}}